{"id":8,"date":"2016-04-05T15:50:06","date_gmt":"2016-04-05T15:50:06","guid":{"rendered":"http:\/\/knjiz-test.tk\/?page_id=8"},"modified":"2024-12-11T09:11:08","modified_gmt":"2024-12-11T09:11:08","slug":"povijest-knjiznice","status":"publish","type":"page","link":"https:\/\/nkknin.hr\/index.php\/povijest-knjiznice\/","title":{"rendered":"Povijest knji\u017enice"},"content":{"rendered":"<p><strong>POVIJEST NARODNE KNJI\u017dNICE &#8211; KNIN<\/strong><\/p>\n\n\n<figure class=\"wp-block-image size-full\"><img loading=\"lazy\" width=\"1037\" height=\"643\" src=\"https:\/\/nkknin.hr\/wp-content\/uploads\/2024\/12\/Slika-088-Knin-1930-ih-s-desne-strane-zgrada-Fontana-srusena-u-bombardiranju-Saveznika.jpg\" alt=\"\" class=\"wp-image-3472\" srcset=\"https:\/\/nkknin.hr\/wp-content\/uploads\/2024\/12\/Slika-088-Knin-1930-ih-s-desne-strane-zgrada-Fontana-srusena-u-bombardiranju-Saveznika.jpg 1037w, https:\/\/nkknin.hr\/wp-content\/uploads\/2024\/12\/Slika-088-Knin-1930-ih-s-desne-strane-zgrada-Fontana-srusena-u-bombardiranju-Saveznika-300x186.jpg 300w\" sizes=\"(max-width: 1037px) 100vw, 1037px\" \/><\/figure>\n\n\n\n<p>Prvu prete\u010du Narodne knji\u017enice \u2013 Knin &#8211; \u201cNarodnu slavjansku \u010ditaonicu\u201d osnovali su 1861. godine kninski narodnjaci pod vodstvom Lovre Montija, prije nego su pobijedili na izborima, a s ciljem \u010dvr\u0161\u0107eg organiziranja i kako bi svojim akcijama dali vi\u0161e sadr\u017eaja, pi\u0161e u svojoj knjizi profesor Pa\u0161ko Pai\u0107.<\/p>\n\n\n\n<p>Jo\u0161 jednu prete\u010du kninske knji\u017enice &#8211; Hrvatsku \u010ditaonicu u Kninu osnovali su 1891. godine Petar Po\u017ear (otac akademika Hrvoja Po\u017eara), barun Lali\u0107, fra Lujo Marun, trgovac Krpan i Niko Slavi\u0107 \u2013 kako u svojim memoarima pi\u0161e Nikica Slavi\u0107. Mo\u017ee se pretpostaviti da se nalazila u zgradi Fontana (na slici) sru\u0161enoj u savezni\u010dkom bombardiranju u kojoj su bili i Hrvatsko starinarsko dru\u0161tvo te Prvi muzej hrvatskih spomenika.<\/p>\n\n\n\n<p>Osim na kulturno-prosvjetnom uzdizanju naroda i ja\u010danju njegova stvarala\u010dkog duha, \u010ditaonica je djelovala i na formiranju liberalnog sloja plemstva hrvatske gradske inteligencije i obrazovnog selja\u0161tva pribli\u017eavaju\u0107i se tako dru\u0161tvenim kretanjima ostalih hrvatskih i europskih gradova. Dru\u0161tvo je svake godine biralo svog predsjednika, potpredsjednika, tajnika, blagajnika i bibliotekara.<\/p>\n\n\n\n<p>Najstariji podatak koji smo prona\u0161li o tim \u010dlanovima, prema katastru Dru\u0161tva bibliotekara Dalmacije pohranjenog u Dr\u017eavnom arhivu u Zadru, potje\u010de iz 1907. godine. Predsjednik dru\u0161tva je bio Dragutin Tomi\u0107, potpredsjednik Vicko Dobri\u0107, tajnik Lovro Sancar, blagajnik Grgur Dujmovi\u0107 te knji\u017eni\u010dar Filimer Dra\u010dar.<\/p>\n\n\n\n<p>Od 1950. godine Knji\u017enica djeluje u sastavu Centra za kulturu i informiranje pod nazivom Gradska biblioteka i \u010ditaonica. Knji\u017eni\u010dni fond je u to vrijeme obuhva\u0107ao 44.000 knjiga.<\/p>\n\n\n\n<p>Za vrijeme Domovinskog rata od 1991. do 1995. godine, Knji\u017enica je imala manje prekide u radu. Radila je u ote\u017eanim uvjetima, \u010desto bez elektri\u010dne energije. Po zavr\u0161etku rata, Knji\u017enica je ostala otvorena, neza\u0161ti\u0107ena i devastirana. Puno vrijednih knjiga je otu\u0111eno i uni\u0161teno (enciklopedije, rje\u010dnici, priru\u010dnici, atlasi i dr.) kao i sama infrastruktura Knji\u017enice (zgrada, inventar, abecedni i stru\u010dni katalog).<\/p>\n\n\n\n<p>Od 16. travnja 1998. godine djeluje kao samostalna knji\u017enica pod nazivom Narodna knji\u017enica \u2013 Knin u samom centru grada. Knji\u017enica ima \u010detiri odjela: Narodni odjel (koji obuhva\u0107a Zavi\u010dajnu zbirku \u2013 Tenen, Zbirku rijetkosti \u2013 Raru i Referentnu zbirku), Odjel za djecu i mlade\u017e \u2013 Dje\u010dji odjel uz referentnu zbirku te Spremi\u0161te 1. i Spremi\u0161te 2. Knji\u017eni fond koristi oko 1.000 korisnika.<\/p>\n\n\n\n<p>Po\u010detkom 2000. godine, Knji\u017enica je preseljena u zgradu stare Gimnazije gdje se nalazila do prosinca 2016. kada je uselila u novi prostor u okviru Studentskoga doma fra Luje Maruna.<\/p>\n\n\n\n<p>U novim prostorima knji\u017enica je postala informacijsko i multimedijalno sredi\u0161te grada i njegove bli\u017ee okolice. <\/p>\n","protected":false},"excerpt":{"rendered":"<p>POVIJEST NARODNE KNJI\u017dNICE &#8211; KNIN Prvu prete\u010du Narodne knji\u017enice \u2013 Knin &#8211; \u201cNarodnu slavjansku \u010ditaonicu\u201d osnovali su 1861. godine kninski narodnjaci pod vodstvom Lovre Montija, prije nego su pobijedili na izborima, a s ciljem \u010dvr\u0161\u0107eg organiziranja i kako bi svojim akcijama dali vi\u0161e sadr\u017eaja, pi\u0161e u svojoj knjizi profesor Pa\u0161ko Pai\u0107. Jo\u0161 jednu prete\u010du kninske [&hellip;]<\/p>\n","protected":false},"author":1,"featured_media":0,"parent":0,"menu_order":0,"comment_status":"closed","ping_status":"closed","template":"","meta":[],"_links":{"self":[{"href":"https:\/\/nkknin.hr\/index.php\/wp-json\/wp\/v2\/pages\/8"}],"collection":[{"href":"https:\/\/nkknin.hr\/index.php\/wp-json\/wp\/v2\/pages"}],"about":[{"href":"https:\/\/nkknin.hr\/index.php\/wp-json\/wp\/v2\/types\/page"}],"author":[{"embeddable":true,"href":"https:\/\/nkknin.hr\/index.php\/wp-json\/wp\/v2\/users\/1"}],"replies":[{"embeddable":true,"href":"https:\/\/nkknin.hr\/index.php\/wp-json\/wp\/v2\/comments?post=8"}],"version-history":[{"count":8,"href":"https:\/\/nkknin.hr\/index.php\/wp-json\/wp\/v2\/pages\/8\/revisions"}],"predecessor-version":[{"id":3475,"href":"https:\/\/nkknin.hr\/index.php\/wp-json\/wp\/v2\/pages\/8\/revisions\/3475"}],"wp:attachment":[{"href":"https:\/\/nkknin.hr\/index.php\/wp-json\/wp\/v2\/media?parent=8"}],"curies":[{"name":"wp","href":"https:\/\/api.w.org\/{rel}","templated":true}]}}