{"id":72,"date":"2016-04-05T16:56:13","date_gmt":"2016-04-05T16:56:13","guid":{"rendered":"http:\/\/knjiz-test.tk\/?page_id=72"},"modified":"2016-04-05T16:56:13","modified_gmt":"2016-04-05T16:56:13","slug":"odjel-za-djecu-i-mladez","status":"publish","type":"page","link":"https:\/\/nkknin.hr\/index.php\/odjel-za-djecu-i-mladez\/","title":{"rendered":"ODJEL ZA DJECU I MLADE\u017d"},"content":{"rendered":"<p align=\"justify\">\u00a0\u00a0\u00a0\u00a0\u00a0Stru\u010dno osoblje na Odjelu za djecu i mlade\u017e pru\u017ea usluge i organizira rad za potrebe pred\u0161kolske djece i u\u010denika do osmog razreda osnovne \u0161kole, a napose:<\/p>\n<ul>\n<li>pru\u017ea informacije korisnicima o fondu kojim Odjel raspola\u017ee;<\/li>\n<li>obavlja poslove posudbe;<\/li>\n<li>vodi brigu o smje\u0161taju i nadzire obra\u0111enu gra\u0111u na Odjelu;<\/li>\n<li>usmjerava i upu\u0107uje korisnike Odjela te im pru\u017ea pomo\u0107 pri kori\u0161tenju knji\u017eni\u010dnih usluga;<\/li>\n<li>vodi brigu o stalnom popunjavanju zbirki na Odjelu;<\/li>\n<li>priprema prijedloge za pro\u010di\u0161\u0107avanje zbirki;<\/li>\n<li>organizira referentnu zbirku prikladnu dobi korisnika Odjela;<\/li>\n<li>vodi statistiku djelatnosti na Odjelu.<\/li>\n<\/ul>\n<p align=\"justify\">\u00a0\u00a0\u00a0\u00a0\u00a0Djelatnost Odjela ostvaruje se sukladno pedago\u0161kim i didakti\u010dkim iskustvima u radu s djecom i specifi\u010dnim zadacima Knji\u017enice.<\/p>\n<p>\u00a0\u00a0\u00a0\u00a0\u00a0Odjel za djecu i mlade\u017e nudi Vam:<\/p>\n<ul>\n<li>knjige koje knji\u017eni\u010dari preporu\u010dju za \u010ditanje, literaturu za tinejd\u017eere;<\/li>\n<li>zbirku stripova i karikatura;<\/li>\n<li>ra\u010dunalno pretra\u017eivanje knji\u017eni\u010dne gra\u0111e po autoru, naslovu, struci, predmetu, nakladniku i dr.;<\/li>\n<li>top listu najtra\u017eenijih naslova;<\/li>\n<li>katalog desiderata (datoteku prijedloga i \u017eelja korisnika za nabavu gra\u0111e) \u2013 mogu\u0107nost da postanete prijatelj i kriti\u010dar Knji\u017enice tj. aktivni sudionik u kreiranju svih djelatnosti;<\/li>\n<li>slikovnice;<\/li>\n<li>literaturu za mla\u0111e i starije osnovce;<\/li>\n<li>referentnu zbirku (enciklopedije, leksikone, priru\u010dnike);<\/li>\n<li>pretra\u017eivanje baza podataka (Interneta i sl.);<\/li>\n<li>ostale usluge.<\/li>\n<\/ul>\n","protected":false},"excerpt":{"rendered":"<p>\u00a0\u00a0\u00a0\u00a0\u00a0Stru\u010dno osoblje na Odjelu za djecu i mlade\u017e pru\u017ea usluge i organizira rad za potrebe pred\u0161kolske djece i u\u010denika do osmog razreda osnovne \u0161kole, a napose: pru\u017ea informacije korisnicima o fondu kojim Odjel raspola\u017ee; obavlja poslove posudbe; vodi brigu o smje\u0161taju i nadzire obra\u0111enu gra\u0111u na Odjelu; usmjerava i upu\u0107uje korisnike Odjela te im pru\u017ea [&hellip;]<\/p>\n","protected":false},"author":1,"featured_media":0,"parent":0,"menu_order":0,"comment_status":"closed","ping_status":"closed","template":"","meta":[],"_links":{"self":[{"href":"https:\/\/nkknin.hr\/index.php\/wp-json\/wp\/v2\/pages\/72"}],"collection":[{"href":"https:\/\/nkknin.hr\/index.php\/wp-json\/wp\/v2\/pages"}],"about":[{"href":"https:\/\/nkknin.hr\/index.php\/wp-json\/wp\/v2\/types\/page"}],"author":[{"embeddable":true,"href":"https:\/\/nkknin.hr\/index.php\/wp-json\/wp\/v2\/users\/1"}],"replies":[{"embeddable":true,"href":"https:\/\/nkknin.hr\/index.php\/wp-json\/wp\/v2\/comments?post=72"}],"version-history":[{"count":1,"href":"https:\/\/nkknin.hr\/index.php\/wp-json\/wp\/v2\/pages\/72\/revisions"}],"predecessor-version":[{"id":73,"href":"https:\/\/nkknin.hr\/index.php\/wp-json\/wp\/v2\/pages\/72\/revisions\/73"}],"wp:attachment":[{"href":"https:\/\/nkknin.hr\/index.php\/wp-json\/wp\/v2\/media?parent=72"}],"curies":[{"name":"wp","href":"https:\/\/api.w.org\/{rel}","templated":true}]}}