{"id":70,"date":"2016-04-05T16:55:41","date_gmt":"2016-04-05T16:55:41","guid":{"rendered":"http:\/\/knjiz-test.tk\/?page_id=70"},"modified":"2016-04-05T16:55:41","modified_gmt":"2016-04-05T16:55:41","slug":"studijska-citaonica","status":"publish","type":"page","link":"https:\/\/nkknin.hr\/index.php\/studijska-citaonica\/","title":{"rendered":"STUDIJSKA \u010cITAONICA"},"content":{"rendered":"<p>U Studijskoj \u010ditaonici korisnici se mogu slu\u017eiti referentnom literaturom (enciklopedijama, leksikonima, rje\u010dnicima, bibliografijama, priru\u010dnicima), periodikom (novinama i \u010dasopisima) te ostalom stru\u010dnom i znanstvenom literaturom. Korisnicima tako\u0111er stoje na raspolaganju ra\u010dunala namjenjena pretra\u017eivanju Interneta; obradi teksta i ispisu i kori\u0161tenju neknji\u017eni\u010dne gra\u0111e.<\/p>\n","protected":false},"excerpt":{"rendered":"<p>U Studijskoj \u010ditaonici korisnici se mogu slu\u017eiti referentnom literaturom (enciklopedijama, leksikonima, rje\u010dnicima, bibliografijama, priru\u010dnicima), periodikom (novinama i \u010dasopisima) te ostalom stru\u010dnom i znanstvenom literaturom. Korisnicima tako\u0111er stoje na raspolaganju ra\u010dunala namjenjena pretra\u017eivanju Interneta; obradi teksta i ispisu i kori\u0161tenju neknji\u017eni\u010dne gra\u0111e.<\/p>\n","protected":false},"author":1,"featured_media":0,"parent":0,"menu_order":0,"comment_status":"closed","ping_status":"closed","template":"","meta":[],"_links":{"self":[{"href":"https:\/\/nkknin.hr\/index.php\/wp-json\/wp\/v2\/pages\/70"}],"collection":[{"href":"https:\/\/nkknin.hr\/index.php\/wp-json\/wp\/v2\/pages"}],"about":[{"href":"https:\/\/nkknin.hr\/index.php\/wp-json\/wp\/v2\/types\/page"}],"author":[{"embeddable":true,"href":"https:\/\/nkknin.hr\/index.php\/wp-json\/wp\/v2\/users\/1"}],"replies":[{"embeddable":true,"href":"https:\/\/nkknin.hr\/index.php\/wp-json\/wp\/v2\/comments?post=70"}],"version-history":[{"count":1,"href":"https:\/\/nkknin.hr\/index.php\/wp-json\/wp\/v2\/pages\/70\/revisions"}],"predecessor-version":[{"id":71,"href":"https:\/\/nkknin.hr\/index.php\/wp-json\/wp\/v2\/pages\/70\/revisions\/71"}],"wp:attachment":[{"href":"https:\/\/nkknin.hr\/index.php\/wp-json\/wp\/v2\/media?parent=70"}],"curies":[{"name":"wp","href":"https:\/\/api.w.org\/{rel}","templated":true}]}}