{"id":46,"date":"2016-04-05T16:19:30","date_gmt":"2016-04-05T16:19:30","guid":{"rendered":"http:\/\/knjiz-test.tk\/?page_id=46"},"modified":"2025-11-10T09:19:19","modified_gmt":"2025-11-10T09:19:19","slug":"natjecaji-i-oglasi","status":"publish","type":"page","link":"https:\/\/nkknin.hr\/index.php\/natjecaji-i-oglasi\/","title":{"rendered":"NATJE\u010cAJI"},"content":{"rendered":"\n<p>JAVNI NATJE\u010cAJ ZA RAVNATELJA NARODNE KNJI\u017dNICE &#8211; KNIN <\/p>\n\n\n\n<p>(OBJAVLJEN U NARODNIM NOVINAMA 88\/25 DANA 11. LIPNJA 2025. GODINE)<\/p>\n\n\n\n<p>Gradona\u010delnik Grada Knina na temelju \u010dlanaka 40. i 41. Zakona o ustanovama (\u201eNarodne novine\u201c broj 76\/93, 29\/97, 47\/99, 35\/08, 127\/19, 151\/22), \u010dlanka 20. stavka 6. Zakona o knji\u017enicama i knji\u017eni\u010dnoj djelatnosti (\u201eNarodne novine\u201c broj 17\/19, 98\/19, 114\/22, 36\/24) i \u010dlanka 21. Statuta Narodne knji\u017enice \u2013 Knin (KLASA: 612-04\/24-01\/10, URBROJ: 2182-10-14-24-1 od 25. srpnja 2024.), raspisuje<\/p>\n\n\n\n<p><strong>JAVNI&nbsp;&nbsp;&nbsp; NATJE\u010cAJ<\/strong><\/p>\n\n\n\n<p><strong>za imenovanje ravnatelja Narodne knji\u017enice \u2013 Knin<\/strong><\/p>\n\n\n\n<p>Ravnateljem Knji\u017enice mo\u017ee biti imenovana osoba, na temelju predlo\u017eenog \u010detverogodi\u0161njeg plana rada, koja ispunjava sljede\u0107e uvjete:<\/p>\n\n\n\n<ul><li>zavr\u0161en diplomski sveu\u010dili\u0161ni studij ili integrirani preddiplomski i diplomski sveu\u010dili\u0161ni studij ili specijalisti\u010dki diplomski stru\u010dni studij ili s njim izjedna\u010den studij<\/li><li>polo\u017een stru\u010dni knji\u017eni\u010darski ispit<\/li><li>najmanje pet godina rada u knji\u017enici<\/li><li>koja se odlikuje stru\u010dnim, radnim i organizacijskim sposobnostima.<\/li><\/ul>\n\n\n\n<p>Na natje\u010daj se mogu prijaviti osobe oba spola. Izrazi koji se koriste u tekstu ovog natje\u010daja, a imaju rodno zna\u010denje, koriste se neutralno i odnose se jednako na mu\u0161ki i \u017eenski rod.<\/p>\n\n\n\n<p>Ravnatelja se imenuje na mandat od \u010detiri godine, a ista osoba mo\u017ee biti ponovno imenovana.<\/p>\n\n\n\n<p>U pisanoj prijavi na natje\u010daj potrebno je navesti osobne podatke (ime i prezime, OIB, adresu prebivali\u0161ta, broj telefona\/mobitela, adresu elektroni\u010dke po\u0161te) i naziv radnog mjesta na koje se osoba prijavljuje te obvezno prijavu vlastoru\u010dno potpisati.<\/p>\n\n\n\n<p>Uz pisanu prijavu na natje\u010daj potrebno je prilo\u017eiti sljede\u0107e isprave:<\/p>\n\n\n\n<ol type=\"1\"><li>\u017eivotopis<\/li><li>domovnicu<\/li><\/ol>\n\n\n\n<ol type=\"1\" start=\"3\"><li>osobnu iskaznicu (obje strane)<\/li><li>diplomu<\/li><li>uvjerenje o polo\u017eenom knji\u017eni\u010darskom stru\u010dnom ispitu<\/li><li>dokaz o ukupnom radnom sta\u017eu (potvrda ili elektroni\u010dki zapis o podacima evidentiranim u mati\u010dnoj evidenciji Hrvatskog zavoda za mirovinsko osiguranje), ne stariji od datuma objave natje\u010daja<\/li><li>dokaz o radu u knji\u017enici s tra\u017eenim akademskim\/stru\u010dnim zvanjem i stupnjem, koji mora sadr\u017eavati podatke o vrsti poslova koje je osoba obavljala, s kojim zvanjem i stupnjem i u kojem vremenu (potvrda poslodavca, preslika ugovora o radu ili drugog dokumenta kojim se to dokazuje),a koji rad mora biti evidentiran u potvrdi ili elektroni\u010dkoj evidenciji HZMO<\/li><li>\u010detverogodi\u0161nji plan rada<\/li><li>uvjerenje da se protiv osobe ne vodi kazneni postupak, ne starije od datuma objave natje\u010daja<\/li><li>vlastoru\u010dno potpisana izjava o davanju privole Gradu Kninu da mo\u017ee poduzimati radnje vezane uz obradu i kori\u0161tenje osobnih podataka podnositelja prijave u provo\u0111enju postupka po predmetnom natje\u010daju.<\/li><\/ol>\n\n\n\n<p>Isprave se prila\u017eu u neovjerenoj preslici, a prije izbora kandidati \u0107e predo\u010diti izvornik.<\/p>\n\n\n\n<p>Polo\u017een stru\u010dni knji\u017eni\u010darski ispit ima i osoba koja je oslobo\u0111ena polaganja stru\u010dnog knji\u017eni\u010darskog ispita na temelju zakona kojima je ure\u0111ivana knji\u017eni\u010dna djelatnost.<\/p>\n\n\n\n<p>Ako osoba uz prijavu prilo\u017ei isprave u kojima osobni podaci nisu istovjetni, du\u017ena je dostaviti i dokaz o njihovoj promjeni (vjen\u010dani, rodni list i sl.).<\/p>\n\n\n\n<p>Osoba koja mo\u017ee ostvariti pravo prednosti prilikom zapo\u0161ljavanja prema posebnom zakonu du\u017ena je u prijavi pozvati se na to pravo i prilo\u017eiti dokaze propisane posebnim zakonom te ima prednost u odnosu na ostale osobe samo pod jednakim uvjetima.<\/p>\n\n\n\n<p>Pod jednakim uvjetima podrazumijeva se da izme\u0111u kandidata koji su po rang listi ostvarili najve\u0107i i isti broj ukupnih bodova, prednost pri zaposlenju ima onaj kandidat koji se u svojoj prijavi pozvao na to pravo i dokazao ga.<\/p>\n\n\n\n<p>Osoba koja se poziva na pravo prednosti prilikom zapo\u0161ljavanja temeljem \u010dlanka 101. Zakona o hrvatskim braniteljima iz Domovinskog rata i \u010dlanovima njihovih obitelji (\u201eNarodne novine\u201c, broj 121\/17, 98\/19, 84\/21, 156\/23) ili temeljem \u010dlanka 47. Zakona o civilnim stradalnicima iz Domovinskog rata (\u201eNarodne novine\u201c, br. 84\/21), uz prijavu na natje\u010daj du\u017ena je, osim dokaza o ispunjavanju tra\u017eenih uvjeta iz natje\u010daja, prilo\u017eiti i sve dokaze propisane \u010dlancima 103. i 104. Zakona o hrvatskim braniteljima iz Domovinskog rata i \u010dlanovima njihovih obitelji, odnosno propisane \u010dlancima 49. i 50. Zakona o civilnim stradalnicima iz Domovinskog rata, a koji su objavljeni i mogu se na\u0107i na internetskoj stranici Ministarstva hrvatskih branitelja: <a href=\"https:\/\/branitelji.gov.hr\/zaposljavanje-u-drzavnoj-sluzbi\/\">https:\/\/branitelji.gov.hr\/zaposljavanje-u-drzavnoj-sluzbi\/<\/a> 843.<\/p>\n\n\n\n<p>Osoba koja se poziva na pravo prednosti prilikom zapo\u0161ljavanja temeljem \u010dlanka 48.f stavcima 1.-3. Zakona o za\u0161titi vojnih i civilnih invalida rata (\u201eNarodne novine\u201c, broj 33\/92, 77\/92, 27\/93, 58\/93, 2\/94, 76\/94, 108\/95, 108\/96, 82\/01, 103\/03, 148\/13, 98\/19), uz prijavu na natje\u010daj du\u017ena je, osim dokaza o ispunjavanju tra\u017eenih uvjeta iz natje\u010daja, prilo\u017eiti i sve dokaze o ispunjavanju uvjeta odredbe na koju se poziva odnosno dokaz o priznatom statusu, dokaz da to pravo ve\u0107 nije koristila te dokaz iz kojeg je vidljivo na koji na\u010din je prestao radni odnos kod posljednjeg poslodavca (ugovor, rje\u0161enje, odluka ili drugi pravni akt), a pravo prednosti pri zapo\u0161ljavanju ostvaruje samo pod uvjetom da nema osoba koje to pravo ostvaruju sukladno odredbama Zakona o hrvatskim braniteljima iz Domovinskog rata i \u010dlanovima njihovih obitelji i koje u tom slu\u010daju imaju prednost.<\/p>\n\n\n\n<p>Osoba koja se poziva na pravo prednosti prilikom zapo\u0161ljavanja temeljem \u010dlanka 9. Zakona o profesionalnoj rehabilitaciji i zapo\u0161ljavanju osoba s invaliditetom (\u201eNarodne novine\u201c, broj 157\/13-pro\u010di\u0161\u0107eni tekst, 152\/14, 39\/18, 32\/20), uz prijavu na natje\u010daj du\u017ena je, osim dokaza o ispunjavanju tra\u017eenih uvjeta iz natje\u010daja, prilo\u017eiti i dokaz o utvr\u0111enom statusu osobe s invaliditetom te dokaz iz kojeg je vidljivo na koji na\u010din je prestao radni odnos kod posljednjeg poslodavca (ugovor, rje\u0161enje, odluka ili drugi pravni akt). Dokazom o invaliditetu smatraju se javne isprave o invaliditetu na temelju kojih se osoba mo\u017ee upisati u o\u010devidnik zaposlenih osoba s invaliditetom.<\/p>\n\n\n\n<p>Osoba koja se poziva na pravo prednosti prilikom zapo\u0161ljavanja temeljem \u010dlanka 22. Ustavnog zakona o pravima nacionalnih manjina (\u201eNarodne novine\u201c, broj 155\/02, 47\/10, 80\/10, 93\/11), uz prijavu na natje\u010daj, osim dokaza o ispunjavanju tra\u017eenih uvjeta iz natje\u010daja nije du\u017ena dokazivati svoj status pripadnika nacionalne manjine.<\/p>\n\n\n\n<p>Urednom prijavom smatra se prijava koja sadr\u017ei sve podatke i priloge navedene i tra\u017eene u natje\u010daju.<\/p>\n\n\n\n<p>Osoba koja podnese nepravodobnu ili nepotpunu prijavu na natje\u010daj ne\u0107e se smatrati&nbsp; kandidatom prijavljenim na natje\u010daj i njena prijava ne\u0107e se razmatrati, o \u010demu \u0107e joj se dostaviti pisana obavijest na koju nema pravo podno\u0161enja pravnog lijeka.<\/p>\n\n\n\n<p>Izabrani kandidat \u0107e prije sklapanja ugovora o radu biti upu\u0107en na provjeru zdravstvene sposobnosti.<\/p>\n\n\n\n<p>Prijava na javni natje\u010daj podnosi se u roku od 8 dana od objave natje\u010daja u Narodnim novinama, u zatvorenoj omotnici na adresu: GRAD KNIN, Dr. Franje Tu\u0111mana 2, 22300 KNIN, s naznakom: \u201eNatje\u010daj za ravnatelja &#8211; ne otvarati\u201c.<strong>&nbsp;<\/strong><\/p>\n\n\n\n<p>Prijava se mo\u017ee predati neposredno i u pisarnicu Grada Knina, ul. dr. Franje Tu\u0111mana 2,&nbsp; prvi kat, ured broj 22.<\/p>\n\n\n\n<p>Ako se na natje\u010daj nitko ne prijavi ili nitko od prijavljenih kandidata ne bude izabran, natje\u010daj \u0107e se ponoviti.<\/p>\n\n\n\n<p>Zadr\u017eava se pravo poni\u0161tenja natje\u010daja. Protiv odluke o poni\u0161tenju natje\u010daja nije dopu\u0161teno podno\u0161enje pravnog lijeka.<\/p>\n\n\n\n<p>Kandidati \u0107e u zakonskom roku biti pisano obavije\u0161teni o rezultatima natje\u010daja.<\/p>\n\n\n\n<p><strong>&nbsp;&nbsp;&nbsp;&nbsp;&nbsp;&nbsp;&nbsp;&nbsp;&nbsp;&nbsp;&nbsp;&nbsp;&nbsp;&nbsp;&nbsp;&nbsp;&nbsp;&nbsp;&nbsp;&nbsp;&nbsp;&nbsp;&nbsp;&nbsp;&nbsp;&nbsp;&nbsp;&nbsp;&nbsp;&nbsp;&nbsp;&nbsp;&nbsp;&nbsp;&nbsp;&nbsp;&nbsp;&nbsp;&nbsp;&nbsp;&nbsp;&nbsp;&nbsp;&nbsp;&nbsp;&nbsp;&nbsp;&nbsp;&nbsp;&nbsp;&nbsp;&nbsp;&nbsp;&nbsp;&nbsp;&nbsp;&nbsp;&nbsp;&nbsp;&nbsp;&nbsp;&nbsp;&nbsp;&nbsp;&nbsp;&nbsp;&nbsp;&nbsp;&nbsp;&nbsp;&nbsp;&nbsp;&nbsp;&nbsp;&nbsp;&nbsp;&nbsp; &nbsp;GRADONA\u010cELNIK&nbsp;&nbsp;&nbsp;&nbsp;&nbsp;&nbsp;&nbsp;&nbsp;&nbsp;&nbsp;&nbsp;&nbsp;&nbsp;&nbsp;&nbsp;&nbsp;&nbsp;&nbsp;&nbsp;&nbsp;&nbsp;&nbsp;&nbsp;&nbsp;&nbsp;&nbsp;&nbsp;&nbsp;&nbsp;&nbsp;&nbsp;&nbsp;&nbsp;&nbsp;&nbsp;&nbsp;&nbsp;&nbsp;&nbsp;&nbsp;&nbsp;&nbsp;&nbsp;&nbsp;&nbsp;&nbsp;&nbsp;&nbsp;&nbsp;&nbsp;&nbsp;&nbsp;&nbsp;&nbsp;&nbsp;&nbsp;&nbsp;&nbsp;&nbsp;&nbsp;&nbsp;&nbsp;&nbsp;&nbsp;&nbsp;&nbsp;&nbsp;&nbsp;&nbsp;&nbsp;&nbsp;&nbsp;&nbsp;&nbsp;&nbsp;&nbsp;&nbsp;&nbsp;&nbsp;&nbsp;&nbsp;&nbsp;&nbsp;&nbsp;<\/strong><\/p>\n\n\n\n<p><strong>Marijo \u0106a\u0107i\u0107, univ. mag. oec.&nbsp;&nbsp;&nbsp;&nbsp;&nbsp;&nbsp;&nbsp;&nbsp;&nbsp;&nbsp;&nbsp;&nbsp;&nbsp;&nbsp;&nbsp;&nbsp;&nbsp;&nbsp;&nbsp;&nbsp;<\/strong><\/p>\n\n\n\n<div class=\"wp-block-file\"><object class=\"wp-block-file__embed\" data=\"https:\/\/nkknin.hr\/wp-content\/uploads\/2025\/06\/1-Natjecaj-za-ravnatelja-Knjiznice-u-Kninu.pdf\" type=\"application\/pdf\" style=\"width:100%;height:600px\" aria-label=\"Ugra\u0111eno 1-Natjecaj-za-ravnatelja-Knjiznice-u-Kninu.\"><\/object><a id=\"wp-block-file--media-8b3d52d2-e26d-4e90-87f3-9f02b5ed6b7f\" href=\"https:\/\/nkknin.hr\/wp-content\/uploads\/2025\/06\/1-Natjecaj-za-ravnatelja-Knjiznice-u-Kninu.pdf\">1-Natjecaj-za-ravnatelja-Knjiznice-u-Kninu<\/a><a href=\"https:\/\/nkknin.hr\/wp-content\/uploads\/2025\/06\/1-Natjecaj-za-ravnatelja-Knjiznice-u-Kninu.pdf\" class=\"wp-block-file__button\" download aria-describedby=\"wp-block-file--media-8b3d52d2-e26d-4e90-87f3-9f02b5ed6b7f\">Preuzmi<\/a><\/div>\n\n\n\n<figure class=\"wp-block-image size-full\"><img loading=\"lazy\" width=\"2500\" height=\"1213\" src=\"https:\/\/nkknin.hr\/wp-content\/uploads\/2024\/02\/Narodna-knjiznica-Knin-logo-plavi-jpeg.jpg\" alt=\"\" class=\"wp-image-3122\" srcset=\"https:\/\/nkknin.hr\/wp-content\/uploads\/2024\/02\/Narodna-knjiznica-Knin-logo-plavi-jpeg.jpg 2500w, https:\/\/nkknin.hr\/wp-content\/uploads\/2024\/02\/Narodna-knjiznica-Knin-logo-plavi-jpeg-300x146.jpg 300w, https:\/\/nkknin.hr\/wp-content\/uploads\/2024\/02\/Narodna-knjiznica-Knin-logo-plavi-jpeg-1536x745.jpg 1536w, https:\/\/nkknin.hr\/wp-content\/uploads\/2024\/02\/Narodna-knjiznica-Knin-logo-plavi-jpeg-2048x994.jpg 2048w\" sizes=\"(max-width: 2500px) 100vw, 2500px\" \/><\/figure>\n\n\n\n<p>KLASA: 112-07\/24-01\/01<\/p>\n\n\n\n<p>URBROJ:&nbsp; 2182\/10-14-24-1<\/p>\n\n\n\n<p>Knin,&nbsp; 16. 02. 2024.&nbsp; godine<\/p>\n\n\n\n<p>Na temelju \u010dlanka 27. Statuta Narodne knji\u017enice \u2013 Knin (KLASA: 612-04\/22-01\/21; URBROJ: 2182-10-14-22-1 od 21. travnja 2022. godine), \u010dlanka 11. i 12. Pravilnika o radu Narodne knji\u017enice \u2013 Knin (KLASA: 612-04\/23-01\/21; URBROJ: 2182\/10-14-23-1 od 4. listopada 2023. godine) te \u010dlanaka 21., 23., 24., 25., 26. i 27. Pravilnika o unutarnjem ustrojstvu i na\u010dinu rada Narodne knji\u017enice \u2013 Knin (KLASA: 612-04\/21-01\/11; URBROJ: 2182\/10-14-21-2 od 7. kolovoza 2021. godine) i uz Suglasnost Gradona\u010delnika Grada Knina, KLASA: 112-01\/24-01\/02, URBROJ: 2182-10-02-24-2 od 14. velja\u010de 2021., ravnatelj Knji\u017enice raspisuje<\/p>\n\n\n\n<p><strong>NATJE\u010cAJ<\/strong><\/p>\n\n\n\n<p><strong>za radno mjesto<\/strong><\/p>\n\n\n\n<p><strong>Knji\u017eni\u010dar, 1 (jedan\/jedna) izvr\u0161itelj\/ica<\/strong> <strong>na neodre\u0111eno puno radno vrijeme<\/strong><\/p>\n\n\n\n<p><strong>Uvjeti:<\/strong><\/p>\n\n\n\n<p>&#8211; &nbsp;&nbsp;&nbsp;&nbsp;&nbsp;&nbsp;&nbsp;&nbsp; Zavr\u0161en diplomski sveu\u010dili\u0161ni studij ili integrirani preddiplomski i diplomski sveu\u010dili\u0161ni studij ili specijalisti\u010dki diplomski stru\u010dni studij iz polja informacijskih i komunikacijskih znanosti s najmanje 60 ECTS bodova iz temeljnih predmeta knji\u017eni\u010darstva, odnosno studij knji\u017eni\u010darstva kojim je ste\u010dena visoka stru\u010dna sprema sukladno propisima koji su bili na snazi prije stupanja na snagu Zakona o znanstvenoj djelatnosti i visokom obrazovanju<\/p>\n\n\n\n<p>&#8211; &nbsp;&nbsp;&nbsp;&nbsp;&nbsp;&nbsp;&nbsp;&nbsp; Zavr\u0161en drugi preddiplomski i diplomski sveu\u010dili\u0161ni studij ili integrirani preddiplomski i diplomski sveu\u010dili\u0161ni studij ili specijalisti\u010dki diplomski stru\u010dni studij, odnosno studij kojim je ste\u010dena visoka stru\u010dna sprema sukladno propisima koji su bili na snazi prije stupanja na snagu Zakona o znanstvenoj djelatnosti i visokom obrazovanju, a temeljem \u010dlanka 14. stavka 3. Zakona o akademskim i stru\u010dnim nazivima i akademskom stupnju, uz obvezu stjecanja 60 ECTS bodova iz temeljnih predmeta knji\u017eni\u010darstva na diplomskom studiju iz informacijskih i komunikacijskih znanosti u roku od 3 godine od dana zapo\u0161ljavanja<\/p>\n\n\n\n<p>&#8211;&nbsp;&nbsp;&nbsp;&nbsp;&nbsp;&nbsp;&nbsp;&nbsp;&nbsp; Polo\u017een stru\u010dni ispit za knji\u017eni\u010dara prema Pravilniku o uvjetima i na\u010dinu stjecanja stru\u010dnih zvanja u knji\u017eni\u010darskoj struci,<\/p>\n\n\n\n<p>&#8211; &nbsp;&nbsp;&nbsp;&nbsp;&nbsp;&nbsp;&nbsp;&nbsp; Natjecati se mogu i kandidati koji nemaju polo\u017een stru\u010dni ispit, a kojeg \u0107e u slu\u010daju prijema u slu\u017ebu biti obvezni polo\u017eiti u skladu sa Zakonom i Pravilnikom o uvjetima i na\u010dinu stjecanja stru\u010dnih zvanja i knji\u017eni\u010darskoj struci.<\/p>\n\n\n\n<p><strong>Posebni uvjeti:<\/strong><\/p>\n\n\n\n<p>&#8211; &nbsp;&nbsp;&nbsp;&nbsp;&nbsp;&nbsp;&nbsp;&nbsp;&nbsp; Rad u smjenama,<\/p>\n\n\n\n<p>&#8211; &nbsp;&nbsp;&nbsp;&nbsp;&nbsp;&nbsp;&nbsp;&nbsp;&nbsp; Ra\u010dunalna pismenost,<\/p>\n\n\n\n<p><strong>Opis poslova:<\/strong><\/p>\n\n\n\n<p>\u2013 nabava&nbsp;knji\u017eni\u010dne gra\u0111e<\/p>\n\n\n\n<p>\u2013 stru\u010dna&nbsp;obrada&nbsp;knji\u017eni\u010dne gra\u0111e&nbsp;<\/p>\n\n\n\n<p>\u2013 pohrana, \u010duvanje i za\u0161tita&nbsp;knji\u017eni\u010dne gra\u0111e&nbsp;<\/p>\n\n\n\n<p>\u2013 pru\u017eanje informacijskih usluga, posudba&nbsp;i davanje na kori\u0161tenje knji\u017eni\u010dne gra\u0111e&nbsp;<\/p>\n\n\n\n<p>\u2013 usmjeravanje i podu\u010davanje korisnika pri izboru i kori\u0161tenju knji\u017eni\u010dne gra\u0111e, informacijskih pomagala i drugih izvora<\/p>\n\n\n\n<p>\u2013 obavljanje i drugih poslova sukladno&nbsp;Zakonu o knji\u017enicama i knji\u017eni\u010dnoj djelatnosti (NN 17\/2019.)<\/p>\n\n\n\n<p><strong>Potrebna dokumentacija:<\/strong><\/p>\n\n\n\n<ul><li>zamolba<\/li><li>\u017eivotopis<\/li><li>domovnica ili osobna iskaznica, preslika<\/li><li>ovjerena preslika diplome<\/li><li>dokaz o ra\u010dunalnoj pismenosti (preslika uvjerenja, potvrde ili vlastoru\u010dno potpisana izjava kandidata o ispunjavanju navedenog uvjeta)<\/li><li>uvjerenje o nevo\u0111enju kaznenog postupka (ne starije od 6 mjeseci).<\/li><\/ul>\n\n\n\n<p>Dokaz o zdravstvenoj sposobnosti pribavit \u0107e samo onaj\/ona kandidat\/kinja koji\/ja bude<\/p>\n\n\n\n<p>izabran\/a.<\/p>\n\n\n\n<p>Osoba koja mo\u017ee ostvariti pravo prednosti pri zapo\u0161ljavanju prema \u010dlanku 102. Zakona o hrvatskim braniteljima iz Domovinskog rata i \u010dlanovima njihovih obitelji (NN 121\/17, 98\/19, 84\/21, 156\/23) i&nbsp; \u010dlanku 9. Zakona o profesionalnoj rehabilitaciji i zapo\u0161ljavanju osoba s invaliditetom (\u201eNarodne novine\u201c broj 157\/13, 152\/14, 39\/18 i 32\/20) du\u017ena je u prijavi na javni natje\u010daj pozvati se na to pravo te ima prednost u odnosu na ostale osobe samo pod jednakim uvjetima.<\/p>\n\n\n\n<p>Osoba koja se poziva na pravo prednosti pri zapo\u0161ljavanju u skladu s \u010dlankom 102. Zakona o hrvatskim braniteljima iz Domovinskog rata i \u010dlanovima njihovih obitelji, uz prijavu na natje\u010daj du\u017ena je, osim dokaza o ispunjavanju tra\u017eenih uvjeta iz natje\u010daja, prilo\u017eiti i sve dokaze propisane \u010dlankom 103. stavkom 1. Zakona o hrvatskim braniteljima iz Domovinskog rata i \u010dlanovima njihovih obitelji, a koji su objavljeni i mogu se na\u0107i na internetskoj stranici Ministarstva hrvatskih branitelja: <a href=\"https:\/\/branitelji.gov.hr\/zaposljavanje-843\/843\">https:\/\/branitelji.gov.hr\/zaposljavanje-843\/843<\/a> te dokaz iz kojeg je vidljivo na koji na\u010din je prestao radni odnos kod posljednjeg poslodavca (ugovor, rje\u0161enje, odluka i sl.).<\/p>\n\n\n\n<p>Osoba koja se poziva na pravo prednosti pri zapo\u0161ljavanju u skladu s \u010dlankom 9. Zakona o profesionalnoj rehabilitaciji i zapo\u0161ljavanju osoba s invaliditetom, uz prijavu na javni natje\u010daj du\u017ena je, osim dokaza o ispunjavanju tra\u017eenih uvjeta iz natje\u010daja, prilo\u017eiti i dokaz o utvr\u0111enom statusu osobe s invaliditetom te dokaz iz kojeg je vidljivo na koji na\u010din je prestao radni odnos kod posljednjeg poslodavca (ugovor, rje\u0161enje, odluka i sl.).<\/p>\n\n\n\n<p>Rok za podno\u0161enje prijava je 8 dana od dana objave javnog natje\u010daja na stranicama HZZ-a.<\/p>\n\n\n\n<p>Prijave s naznakom <strong>&#8221;za natje\u010daj&#8221;<\/strong> , s dokazima o ispunjavanju uvjeta, dostaviti na adresu (putem po\u0161te ili osobno):<\/p>\n\n\n\n<p><strong>Narodna knji\u017enica \u2013 Knin<\/strong><\/p>\n\n\n\n<p><strong>Kre\u0161imirova 20-24.<\/strong><\/p>\n\n\n\n<p><strong>22 300 Knin<\/strong><\/p>\n\n\n\n<p><strong>&nbsp;&nbsp;&nbsp;&nbsp;&nbsp;&nbsp;&nbsp;&nbsp;&nbsp;&nbsp;&nbsp; <\/strong>Urednom prijavom smatra se potpisana prijava koja sadr\u017ei sve podatke i priloge navedene u natje\u010daju.<\/p>\n\n\n\n<p>Nepotpune i nepravodobne prijave ne\u0107e se razmatrati.<\/p>\n\n\n\n<p>Kandidati \u0107e biti obavije\u0161teni o rezultatima izbora u propisanom roku aktima Knji\u017enice.<\/p>\n\n\n\n<p>&nbsp;&nbsp;&nbsp;&nbsp;&nbsp; RAVNATELJ<\/p>\n\n\n\n<p>&nbsp;&nbsp;&nbsp;&nbsp;&nbsp;&nbsp;&nbsp;&nbsp;&nbsp;&nbsp;&nbsp;&nbsp;&nbsp;&nbsp;&nbsp;&nbsp;&nbsp;&nbsp;&nbsp;&nbsp;&nbsp;&nbsp;&nbsp;&nbsp;&nbsp;&nbsp;&nbsp;&nbsp;&nbsp;&nbsp;&nbsp;&nbsp;&nbsp;&nbsp;&nbsp;&nbsp;&nbsp;&nbsp;&nbsp;&nbsp;&nbsp;&nbsp;&nbsp;&nbsp;&nbsp;&nbsp;&nbsp;&nbsp;&nbsp;&nbsp;&nbsp;&nbsp;&nbsp;&nbsp;&nbsp;&nbsp;&nbsp;&nbsp;&nbsp;&nbsp;&nbsp;&nbsp; &nbsp;&nbsp;&nbsp;&nbsp;&nbsp;&nbsp;&nbsp;&nbsp;&nbsp;&nbsp;&nbsp;&nbsp;&nbsp;&nbsp;&nbsp;&nbsp;&nbsp;&nbsp;&nbsp;&nbsp;&nbsp;&nbsp;&nbsp;&nbsp;&nbsp;&nbsp;&nbsp;Ivica \u0160imi\u0107, mag. bibl.<\/p>\n\n\n\n<h3><strong>Natje\u010daj za prijem u radni odnos<\/strong> &#8211; sprema\u010dica\/dostavlja\u010dica<\/h3>\n\n\n\n<p><strong>Narodna knji\u017enica \u2013 Knin raspisala je natje\u010daj za radno mjesto sprema\u010dica-dostavlja\u010dica, 1 (jedan) izvr\u0161itelj\/ica<\/strong>&nbsp;<strong>na odre\u0111eno puno radno vrijeme zbog zamjene privremeno nenazo\u010dnog radnika, odnosno do povratka radnice s bolovanja i porodiljnog dopusta na radno mjesto<\/strong>.<\/p>\n\n\n\n<p>U nastavku donosimo cijeli tekst natje\u010daja, odnosno link za preuzimanje dokumenta<\/p>\n\n\n\n<div class=\"wp-block-file\"><object class=\"wp-block-file__embed\" data=\"http:\/\/nkknin.hr\/wp-content\/uploads\/2022\/04\/Natjecaj-1.pdf\" type=\"application\/pdf\" style=\"width:100%;height:600px\" aria-label=\"Ugra\u0111eno Natjecaj-1.\"><\/object><a id=\"wp-block-file--media-0d598c3e-ccc1-458f-8174-b5893bf47979\" href=\"http:\/\/nkknin.hr\/wp-content\/uploads\/2022\/04\/Natjecaj-1.pdf\">Natjecaj-1<\/a><a href=\"http:\/\/nkknin.hr\/wp-content\/uploads\/2022\/04\/Natjecaj-1.pdf\" class=\"wp-block-file__button\" download aria-describedby=\"wp-block-file--media-0d598c3e-ccc1-458f-8174-b5893bf47979\">Preuzmi<\/a><\/div>\n\n\n\n<p><strong>Natje\u010daj za posao: Knji\u017enica zapo\u0161ljava pripravnika &#8211; diplomiranog knji\u017eni\u010dara<\/strong><\/p>\n\n\n\n<p>Narodna knji\u017enica Knin raspisala je natje\u010daj za prijem u radni odnos pripravnika\/diplomiranog knji\u017eni\u010dara. Natje\u010daj mo\u017eete u cijelosti pro\u010ditati na stranicama HZZ-a na ovoj poveznici <a href=\"https:\/\/burzarada.hzz.hr\/RadnoMjesto_Ispis.aspx?WebSifra=116418721\">https:\/\/burzarada.hzz.hr\/RadnoMjesto_Ispis.aspx?WebSifra=116418721<\/a><\/p>\n\n\n\n<p><strong>Natje\u010daj za posao: Knji\u017enica zapo\u0161ljava pripravnika &#8211; diplomiranog knji\u017eni\u010dara<\/strong><\/p>\n\n\n\n<p>Narodna knji\u017enica Knin raspisala je natje\u010daj za prijem u radni odnos pripravnika\/diplomiranog knji\u017eni\u010dara. Natje\u010daj mo\u017eete u cijelosti pro\u010ditati na stranicama HZZ-a na ovoj poveznici <a href=\"https:\/\/burzarada.hzz.hr\/RadnoMjesto_Ispis.aspx?WebSifra=115183596\" data-type=\"URL\" data-id=\"https:\/\/burzarada.hzz.hr\/RadnoMjesto_Ispis.aspx?WebSifra=115183596\">https<\/a><a href=\"https:\/\/burzarada.hzz.hr\/RadnoMjesto_Ispis.aspx?WebSifra=115183596\">:\/\/burzarada.hzz.hr\/Posloprimac_RadnaMjesta.aspx<\/a><\/p>\n\n\n\n<p><strong>Natje\u010daj za posao: Knji\u017enica zapo\u0161ljava sprema\u010dicu<\/strong><\/p>\n\n\n\n<p>Narodna knji\u017enica Knin raspisala je natje\u010daj za prijem u radni odnos sprema\u010dice. Natje\u010daj mo\u017eete u cijelosti pro\u010ditati na stranicama HZZ-a na ovoj poveznici <a href=\"https:\/\/burzarada.hzz.hr\/RadnoMjesto_Ispis.aspx?WebSifra=115182335\">https:\/\/burzarada.hzz.hr\/Posloprimac_RadnaMjesta.aspx<\/a><\/p>\n\n\n\n<h6><strong>Natje\u010daj za&nbsp;imenovanje i izbor ravnatelja Narodne knji\u017enice \u2013 Knin<\/strong><\/h6>\n\n\n\n<p>Natje\u010daj je objavljen u Narodnim novinama br. izdanja NN 64\/2021, broj oglasa u izdanju: 3220 od 9. lipnja 2021. godine.<\/p>\n\n\n\n<p><\/p>\n\n\n\n<p><\/p>\n\n\n<h6>&nbsp;<\/h6>\n<h6 class=\"entry-title font-headlines\">Natje\u010daj za&nbsp;imenovanje i izbor ravnatelja Narodne knji\u017enice &#8211; Knin<\/h6>\n<p>Grad Knin (Gradona\u010delnik Grada Knina) raspisao je natje\u010daj za imenovanje i izbor ravnatelja Narodne knji\u017enice &#8211; Knin. Natje\u010daj mo\u017eete preuzeti&nbsp;<a href=\"http:\/\/nkknin.hr\/wp-content\/uploads\/2016\/04\/Natje\u010daj-za-ravnatelja-Knji\u017enice-u-Kninu.pdf\" rel=\"\">na ovom linku<\/a>.<\/p>\n<p>Natje\u010daj je objavljen u Narodnim novinama br. izdanja NN 52\/2020, broj oglasa u izdanju: 2090&nbsp;od 29. travnja 2020. godine.<\/p>\n<p><\/p>\n<p><strong>Natje\u010daj za stru\u010dno osposobljavanje<\/strong><\/p>\n<p>Narodna knji\u017enica Knin raspisuje natje\u010daj za stru\u010dno osposobljavanje diplomiranog knji\u017eni\u010dara\/knji\u017eni\u010darke za rad bez zasnivanja radnog odnosa. Uvjete natje\u010daja mo\u017eete pro\u010ditati&nbsp;<a href=\"http:\/\/nkknin.hr\/wp-content\/uploads\/2016\/07\/Natje%C4%8Daj.pdf\" rel=\"\">OVDJE<\/a>.<\/p>\n\n\n<p>Grad Knin (Gradona\u010delnik Grada Knina) raspisao je natje\u010daj za imenovanje i izbor ravnatelja Narodne knji\u017enice \u2013 Knin. Natje\u010daj mo\u017eete preuzeti&nbsp;<a href=\"https:\/\/narodne-novine.nn.hr\/clanci\/oglasi\/o8317767.html\">na ovom linku<\/a>.<\/p>\n\n\n\n\n\n<p><\/p>\n\n\n\n<p><\/p>\n\n\n\n<p><\/p>\n","protected":false},"excerpt":{"rendered":"<p>JAVNI NATJE\u010cAJ ZA RAVNATELJA NARODNE KNJI\u017dNICE &#8211; KNIN (OBJAVLJEN U NARODNIM NOVINAMA 88\/25 DANA 11. LIPNJA 2025. GODINE) Gradona\u010delnik Grada Knina na temelju \u010dlanaka 40. i 41. Zakona o ustanovama (\u201eNarodne novine\u201c broj 76\/93, 29\/97, 47\/99, 35\/08, 127\/19, 151\/22), \u010dlanka 20. stavka 6. Zakona o knji\u017enicama i knji\u017eni\u010dnoj djelatnosti (\u201eNarodne novine\u201c broj 17\/19, 98\/19, 114\/22, [&hellip;]<\/p>\n","protected":false},"author":1,"featured_media":0,"parent":0,"menu_order":0,"comment_status":"closed","ping_status":"closed","template":"","meta":[],"_links":{"self":[{"href":"https:\/\/nkknin.hr\/index.php\/wp-json\/wp\/v2\/pages\/46"}],"collection":[{"href":"https:\/\/nkknin.hr\/index.php\/wp-json\/wp\/v2\/pages"}],"about":[{"href":"https:\/\/nkknin.hr\/index.php\/wp-json\/wp\/v2\/types\/page"}],"author":[{"embeddable":true,"href":"https:\/\/nkknin.hr\/index.php\/wp-json\/wp\/v2\/users\/1"}],"replies":[{"embeddable":true,"href":"https:\/\/nkknin.hr\/index.php\/wp-json\/wp\/v2\/comments?post=46"}],"version-history":[{"count":44,"href":"https:\/\/nkknin.hr\/index.php\/wp-json\/wp\/v2\/pages\/46\/revisions"}],"predecessor-version":[{"id":3902,"href":"https:\/\/nkknin.hr\/index.php\/wp-json\/wp\/v2\/pages\/46\/revisions\/3902"}],"wp:attachment":[{"href":"https:\/\/nkknin.hr\/index.php\/wp-json\/wp\/v2\/media?parent=46"}],"curies":[{"name":"wp","href":"https:\/\/api.w.org\/{rel}","templated":true}]}}