{"id":2550,"date":"2023-01-03T09:54:43","date_gmt":"2023-01-03T09:54:43","guid":{"rendered":"http:\/\/nkknin.hr\/?page_id=2550"},"modified":"2025-11-10T10:13:04","modified_gmt":"2025-11-10T10:13:04","slug":"pristup-informacijama","status":"publish","type":"page","link":"https:\/\/nkknin.hr\/index.php\/pristup-informacijama\/","title":{"rendered":"PRISTUP INFORMACIJAMA"},"content":{"rendered":"\n<p><strong>PRAVO NA PRISTUP INFORMACIJAMA<\/strong><\/p>\n\n\n\n<p>Pravo na pristup informacijama i ponovnu uporabu informacija koje posjeduje, raspola\u017ee ili nadzire Narodna knji\u017enica &#8211; Knin ure\u0111eno je Zakonom o pravu na pristup informacijama (<a href=\"http:\/\/narodne-novine.nn.hr\/clanci\/sluzbeni\/2013_02_25_403.html\">Narodne novine 25\/13<\/a>\u00a0i 85\/15\u2013 u daljnjem tekstu: Zakon).<\/p>\n\n\n\n<p>Zakonom se propisuju i na\u010dela prava na pristup, izuzeci od prava na pristup te postupak za ostvarivanje i za\u0161titu prava na pristup. Zakon o pravu na pristup informacijama daje svim doma\u0107im i stranim fizi\u010dkim i pravnim osobama, na jednak na\u010din i pod jednakim uvjetima pravo na pristup informacijama. Pravo na pristup informaciji ostvaruje se podno\u0161enjem zahtjeva tijelu javne vlasti. Tijelo javne vlasti \u0107e odlu\u010diti o zahtjevu za pristup informaciji najkasnije u roku od 15 dana od dana podno\u0161enja urednog zahtjeva.<\/p>\n\n\n\n<p>Pristup informacijama omogu\u0107uje se:<br>1) pravodobnim objavljivanjem informacija o svome radu na primjeren i dostupan na\u010din, odnosno na internetskim stranicama tijela javne vlasti ili u javnom glasilu i Sredi\u0161njem katalogu slu\u017ebenih dokumenata Republike Hrvatske, radi informiranja javnosti,<\/p>\n\n\n\n<p>2) davanjem informacije korisniku koji je podnio zahtjev na jedan od sljede\u0107ih na\u010dina:<\/p>\n\n\n\n<p>\u2013 neposrednim davanjem informacije,<\/p>\n\n\n\n<p>\u2013 davanjem informacije pisanim putem,<\/p>\n\n\n\n<p>\u2013 uvidom u dokumente i izradom preslika dokumenata koji sadr\u017ee tra\u017eenu informaciju,<\/p>\n\n\n\n<p>\u2013 dostavljanjem preslika dokumenta koji sadr\u017ei tra\u017eenu informaciju,<\/p>\n\n\n\n<p>\u2013 na drugi na\u010din koji je prikladan za ostvarivanje prava na pristup informaciji.<\/p>\n\n\n\n<p>Korisnik mo\u017ee u zahtjevu za pristup informaciji nazna\u010diti prikladan na\u010din dobivanja informacije, a ako ne nazna\u010di, informacija \u0107e se dostaviti na na\u010din na koji je podnesen zahtjev, odnosno na najekonomi\u010dniji na\u010din.<\/p>\n\n\n\n<p>Korisnik ostvaruje pravo na pristup informaciji podno\u0161enjem usmenog ili pisanog zahtjeva nadle\u017enom tijelu.<\/p>\n\n\n\n<p>Ako je zahtjev podnesen usmeno ili putem telefona, sastavit \u0107e se slu\u017ebena bilje\u0161ka, a ako je podnesen putem elektroni\u010dke komunikacije, smatrat \u0107e se da je podnesen pisani zahtjev.<\/p>\n\n\n\n<p>Pisani zahtjev sadr\u017ei: naziv i sjedi\u0161te tijela javne vlasti kojem se zahtjev podnosi, podatke koji su va\u017eni za prepoznavanje tra\u017eene informacije, ime i prezime i adresu fizi\u010dke osobe podnositelja zahtjeva, tvrtku, odnosno naziv pravne osobe i njezino sjedi\u0161te.<\/p>\n\n\n\n<p>Podnositelj zahtjeva nije obvezan navesti razloge zbog kojih tra\u017ei pristup informaciji, niti je obvezan pozvati se na primjenu ovog Zakona.<\/p>\n\n\n\n<p>Ne smatra se zahtjevom za pristup informacijama tra\u017eenje uvida u cjelokupni spis predmeta, obja\u0161njenja ili uputa vezanih uz ostvarivanje nekog prava ili izvr\u0161avanje obveze, izrade analize ili tuma\u010denja nekog propisa, kao ni stvaranje nove informacije.<\/p>\n\n\n\n<p><strong>PODACI ZA PODNO\u0160ENJE ZAHTJEVA<\/strong><\/p>\n\n\n\n<p>Pisani zahtjev podnosi se na adresu: Narodna knji\u017enica &#8211; Knin, Kre\u0161imirova 20-24, 22300 Knin ili na e-mail na adresu:\u00a0<a href=\"mailto:narodna.knjiznica.knin@gmail.com\">narodna.knjiznica.knin@gmail.com<\/a>.<\/p>\n\n\n\n<p>Usmeni zahtjev za pristup informaciji podnosi se na broj telefona: 022\/660-010 ili osobno u knji\u017enici svakim radnim danom od 8 do 19 sati.<\/p>\n\n\n\n<p>Prilikom podno\u0161enja zahtjeva nije potrebno platiti upravnu niti sudsku pristojbu niti bilo kakvu naknadu.<\/p>\n\n\n\n<p><strong>OBRASCI<\/strong><\/p>\n\n\n\n<div class=\"wp-block-file\"><a id=\"wp-block-file--media-7031541e-1c31-49ef-8c68-7b353c8ba79f\" href=\"https:\/\/nkknin.hr\/wp-content\/uploads\/2025\/11\/Zahtjev-za-pristup-informacijama.doc\">Zahtjev-za-pristup-informacijama<\/a><a href=\"https:\/\/nkknin.hr\/wp-content\/uploads\/2025\/11\/Zahtjev-za-pristup-informacijama.doc\" class=\"wp-block-file__button\" download aria-describedby=\"wp-block-file--media-7031541e-1c31-49ef-8c68-7b353c8ba79f\">Preuzmi<\/a><\/div>\n\n\n\n<div class=\"wp-block-file\"><a id=\"wp-block-file--media-7fda067c-6529-4224-abf5-42a29ffe4843\" href=\"https:\/\/nkknin.hr\/wp-content\/uploads\/2025\/11\/Zahtjev-za-dopunu-ili-ispravak-informacije.docx\">Zahtjev-za-dopunu-ili-ispravak-informacije<\/a><a href=\"https:\/\/nkknin.hr\/wp-content\/uploads\/2025\/11\/Zahtjev-za-dopunu-ili-ispravak-informacije.docx\" class=\"wp-block-file__button\" download aria-describedby=\"wp-block-file--media-7fda067c-6529-4224-abf5-42a29ffe4843\">Preuzmi<\/a><\/div>\n\n\n\n<div class=\"wp-block-file\"><a id=\"wp-block-file--media-6015a9e6-a420-4433-ac8a-d025ae76c798\" href=\"https:\/\/nkknin.hr\/wp-content\/uploads\/2025\/11\/Zahtjev-za-ponovnu-uporabu-informacija.doc\">Zahtjev-za-ponovnu-uporabu-informacija<\/a><a href=\"https:\/\/nkknin.hr\/wp-content\/uploads\/2025\/11\/Zahtjev-za-ponovnu-uporabu-informacija.doc\" class=\"wp-block-file__button\" download aria-describedby=\"wp-block-file--media-6015a9e6-a420-4433-ac8a-d025ae76c798\">Preuzmi<\/a><\/div>\n\n\n\n<p><strong>PONOVNA UPORABA<\/strong><\/p>\n\n\n\n<p>Ponovna uporaba zna\u010di uporabu informacija tijela javne vlasti od strane fizi\u010dkih ili pravnih osoba, u komercijalnu ili nekomercijalnu svrhu razli\u010ditu od izvorne svrhe za koju su informacije nastale, a koja se ostvaruje u okviru zakonom ili drugim propisom odre\u0111enog djelokruga ili posla koji se uobi\u010dajeno smatra javnim poslom.<\/p>\n\n\n\n<p>Razmjena informacija izme\u0111u tijela javne vlasti radi obavljanja poslova iz njihova djelokruga ne predstavlja ponovnu uporabu. Svaki korisnik ima pravo na ponovnu uporabu informacija u komercijalne ili nekomercijalne svrhe, u skladu s odredbama Zakona o pravu na pristup informacijama.<\/p>\n\n\n\n<p>U svrhu ponovne uporabe tijela javne vlasti nemaju obvezu informaciju izraditi, prilago\u0111avati ili izdvajati dijelove informacija ako to zahtijeva nerazmjeran utro\u0161ak vremena ili sredstava, niti se od tijela javne vlasti mo\u017ee zahtijevati da nastavi a\u017eurirati, nadogra\u0111ivati i pohranjivati informacije u svrhu ponovne uporabe.<\/p>\n\n\n\n<p>U slu\u010daju kada tijelo javne vlasti utvrdi da su ispunjeni uvjeti za omogu\u0107avanje ponovne uporabe informacija o tome ne donosi rje\u0161enje, kao \u0161to je slu\u010daj kod ostvarivanje prava na pristup informaciji.<br>Tijelo javne vlasti kada omogu\u0107ava pristup informacijama za ponovnu uporabu mo\u017ee odrediti uvjete za ponovnu uporabu informacija.<\/p>\n\n\n\n<p>Uvjeti ne smiju nepotrebno ograni\u010davati mogu\u0107nost ponovne uporabe i ne smiju se upotrijebiti za ograni\u010davanje tr\u017ei\u0161nog natjecanja. Iznimno, u slu\u010daju davanja isklju\u010divog prava na ponovnu uporabu tijelo javne vlasti sklopit \u0107e s korisnikom ugovor kojim \u0107e urediti uvjete ponovne uporabe informacija. U slu\u010daju davanja isklju\u010divog prava na ponovnu uporabu, tijelo javne vlasti sklopit \u0107e s korisnikom ugovor kojim \u0107e urediti uvjete ponovne uporabe informacija .<\/p>\n\n\n\n<p>Tijelo javne vlasti \u0107e rje\u0161enjem odbiti zahtjev za ponovnu uporabu informacija ako se zahtjev odnosi na informacije koje se odnose na razloge koji su navedeni za uskratu informacija u postupku ostvarivanja prava na pristup informacijama.<\/p>\n\n\n\n<p>Protiv rje\u0161enja o odbijanju zahtjeva za pristup informaciji i ponovnu uporabu, podnositelj zahtjeva mo\u017ee izjaviti \u017ealbu Povjereniku za informiranje, a protiv rje\u0161enja Povjerenika za informiranje postoji mogu\u0107nost podno\u0161enja tu\u017ebe Visokom upravnom sudu Republike Hrvatske.<\/p>\n\n\n\n<p><strong>SLU\u017dBENIK ZA INFORMIRANJE<\/strong><\/p>\n\n\n\n<p>Slu\u017ebenik za informiranje je Ivica \u0160imi\u0107 (<a href=\"https:\/\/nkknin.hr\/wp-admin\/ivica.simic73@gmail.com\">ivica.simic73@gmail.com<\/a>, 0959001523).<\/p>\n\n\n\n<p><strong>IZVJE\u0160TAJI O PROVEDBI ZAKONA O PRAVU NA PRISTUP INFORMACIJAMA<\/strong><\/p>\n\n\n\n<div class=\"wp-block-file\"><object class=\"wp-block-file__embed\" data=\"https:\/\/nkknin.hr\/wp-content\/uploads\/2025\/01\/Godisnje_izvjesce.pdf\" type=\"application\/pdf\" style=\"width:100%;height:600px\" aria-label=\"Ugra\u0111eno Godisnje_izvjesce.\"><\/object><a id=\"wp-block-file--media-754f773a-7610-4dcd-a97e-3d994d044ff8\" href=\"https:\/\/nkknin.hr\/wp-content\/uploads\/2025\/01\/Godisnje_izvjesce.pdf\">Godisnje_izvjesce<\/a><a href=\"https:\/\/nkknin.hr\/wp-content\/uploads\/2025\/01\/Godisnje_izvjesce.pdf\" class=\"wp-block-file__button\" download aria-describedby=\"wp-block-file--media-754f773a-7610-4dcd-a97e-3d994d044ff8\">Preuzmi<\/a><\/div>\n\n\n\n<p><\/p>\n","protected":false},"excerpt":{"rendered":"<p>PRAVO NA PRISTUP INFORMACIJAMA Pravo na pristup informacijama i ponovnu uporabu informacija koje posjeduje, raspola\u017ee ili nadzire Narodna knji\u017enica &#8211; Knin ure\u0111eno je Zakonom o pravu na pristup informacijama (Narodne novine 25\/13\u00a0i 85\/15\u2013 u daljnjem tekstu: Zakon). Zakonom se propisuju i na\u010dela prava na pristup, izuzeci od prava na pristup te postupak za ostvarivanje i [&hellip;]<\/p>\n","protected":false},"author":1,"featured_media":0,"parent":0,"menu_order":0,"comment_status":"closed","ping_status":"closed","template":"","meta":[],"_links":{"self":[{"href":"https:\/\/nkknin.hr\/index.php\/wp-json\/wp\/v2\/pages\/2550"}],"collection":[{"href":"https:\/\/nkknin.hr\/index.php\/wp-json\/wp\/v2\/pages"}],"about":[{"href":"https:\/\/nkknin.hr\/index.php\/wp-json\/wp\/v2\/types\/page"}],"author":[{"embeddable":true,"href":"https:\/\/nkknin.hr\/index.php\/wp-json\/wp\/v2\/users\/1"}],"replies":[{"embeddable":true,"href":"https:\/\/nkknin.hr\/index.php\/wp-json\/wp\/v2\/comments?post=2550"}],"version-history":[{"count":8,"href":"https:\/\/nkknin.hr\/index.php\/wp-json\/wp\/v2\/pages\/2550\/revisions"}],"predecessor-version":[{"id":3909,"href":"https:\/\/nkknin.hr\/index.php\/wp-json\/wp\/v2\/pages\/2550\/revisions\/3909"}],"wp:attachment":[{"href":"https:\/\/nkknin.hr\/index.php\/wp-json\/wp\/v2\/media?parent=2550"}],"curies":[{"name":"wp","href":"https:\/\/api.w.org\/{rel}","templated":true}]}}