{"id":1282,"date":"2018-05-08T10:16:05","date_gmt":"2018-05-08T10:16:05","guid":{"rendered":"http:\/\/nkknin.hr\/?page_id=1282"},"modified":"2018-05-08T10:37:38","modified_gmt":"2018-05-08T10:37:38","slug":"narudzba","status":"publish","type":"page","link":"http:\/\/nkknin.hr\/index.php\/narudzba\/","title":{"rendered":"Narud\u017eba"},"content":{"rendered":"<div class=\"wpforms-container wpforms-container-full\" id=\"wpforms-1275\"><form id=\"wpforms-form-1275\" class=\"wpforms-validate wpforms-form\" data-formid=\"1275\" method=\"post\" enctype=\"multipart\/form-data\" action=\"\/index.php\/wp-json\/wp\/v2\/pages\/1282\" data-token=\"67c8272efefacea1a6c3332cdd7f62c8\"><noscript class=\"wpforms-error-noscript\">Please enable JavaScript in your browser to complete this form.<\/noscript><div class=\"wpforms-field-container\"><div id=\"wpforms-1275-field_0-container\" class=\"wpforms-field wpforms-field-name\" data-field-id=\"0\"><label class=\"wpforms-field-label\" for=\"wpforms-1275-field_0\">Ime i prezime <span class=\"wpforms-required-label\">*<\/span><\/label><input type=\"text\" id=\"wpforms-1275-field_0\" class=\"wpforms-field-medium wpforms-field-required\" name=\"wpforms[fields][0]\" required><div class=\"wpforms-field-description\">Va\u0161e ime i prezime, ili naziv tvrtke<\/div><\/div><div id=\"wpforms-1275-field_4-container\" class=\"wpforms-field wpforms-field-text\" data-field-id=\"4\"><label class=\"wpforms-field-label\" for=\"wpforms-1275-field_4\">Adresa: <span class=\"wpforms-required-label\">*<\/span><\/label><input type=\"text\" id=\"wpforms-1275-field_4\" class=\"wpforms-field-medium wpforms-field-required\" name=\"wpforms[fields][4]\" required><div class=\"wpforms-field-description\">(po\u0161tanski broj, mjesto, ulica i ku\u0107ni broj, dr\u017eava)<\/div><\/div><div id=\"wpforms-1275-field_8-container\" class=\"wpforms-field wpforms-field-text\" data-field-id=\"8\"><label class=\"wpforms-field-label\" for=\"wpforms-1275-field_8\">OIB:<\/label><input type=\"text\" id=\"wpforms-1275-field_8\" class=\"wpforms-field-medium\" name=\"wpforms[fields][8]\" ><div class=\"wpforms-field-description\">Samo za hrvatske gra\u0111ane<\/div><\/div><div id=\"wpforms-1275-field_7-container\" class=\"wpforms-field wpforms-field-text\" data-field-id=\"7\"><label class=\"wpforms-field-label\" for=\"wpforms-1275-field_7\">Kontakt osoba: <span class=\"wpforms-required-label\">*<\/span><\/label><input type=\"text\" id=\"wpforms-1275-field_7\" class=\"wpforms-field-medium wpforms-field-required\" name=\"wpforms[fields][7]\" required><\/div><div id=\"wpforms-1275-field_1-container\" class=\"wpforms-field wpforms-field-email\" data-field-id=\"1\"><label class=\"wpforms-field-label\" for=\"wpforms-1275-field_1\">Email: <span class=\"wpforms-required-label\">*<\/span><\/label><input type=\"email\" id=\"wpforms-1275-field_1\" class=\"wpforms-field-medium wpforms-field-required\" name=\"wpforms[fields][1]\" required><\/div><div id=\"wpforms-1275-field_17-container\" class=\"wpforms-field wpforms-field-text\" data-field-id=\"17\"><label class=\"wpforms-field-label\" for=\"wpforms-1275-field_17\">Telefon:<\/label><input type=\"text\" id=\"wpforms-1275-field_17\" class=\"wpforms-field-medium\" name=\"wpforms[fields][17]\" ><div class=\"wpforms-field-description\">Samo za hrvatske gra\u0111ane<\/div><\/div><div id=\"wpforms-1275-field_19-container\" class=\"wpforms-field wpforms-field-select\" data-field-id=\"19\"><label class=\"wpforms-field-label\" for=\"wpforms-1275-field_19\">Odaberite na\u010din pla\u0107anja: <span class=\"wpforms-required-label\">*<\/span><\/label><select id=\"wpforms-1275-field_19\" class=\"wpforms-field-medium wpforms-field-required\" name=\"wpforms[fields][19]\" required=\"required\"><option value=\"Bezgotovinsko pla\u0107anje (virmanom, internet bankarstvom) \" >Bezgotovinsko pla\u0107anje (virmanom, internet bankarstvom) <\/option><option value=\"Pla\u0107anje u stranoj valuti: 250,00 kn = 33,69\u20ac=41,65$\" >Pla\u0107anje u stranoj valuti: 250,00 kn = 33,69\u20ac=41,65$<\/option><\/select><div class=\"wpforms-field-description\">IBAN Narodne knji\u017enice \u2013 Knin: HR9523300031100065778 Splitska banka d.d. SWIFT (BIC): SOGEHR22, Ulica Domovinskog rata 61, 21 000 Split<\/div><\/div><div id=\"wpforms-1275-field_16-container\" class=\"wpforms-field wpforms-field-text\" data-field-id=\"16\"><label class=\"wpforms-field-label\" for=\"wpforms-1275-field_16\">Koli\u010dina: <span class=\"wpforms-required-label\">*<\/span><\/label><input type=\"text\" id=\"wpforms-1275-field_16\" class=\"wpforms-field-medium wpforms-field-required\" name=\"wpforms[fields][16]\" required><div class=\"wpforms-field-description\">Broj knjiga koji \u017eelite naru\u010diti.<\/div><\/div><div id=\"wpforms-1275-field_20-container\" class=\"wpforms-field wpforms-field-textarea\" data-field-id=\"20\"><label class=\"wpforms-field-label\" for=\"wpforms-1275-field_20\">Va\u0161a poruka (neobavezno):<\/label><textarea id=\"wpforms-1275-field_20\" class=\"wpforms-field-medium\" name=\"wpforms[fields][20]\" ><\/textarea><div class=\"wpforms-field-description\">NAPOMENA: Narud\u017eba \u0107e biti isporu\u010dena na datu adresu, nakon potvrde o uplati!!!<\/div><\/div><\/div><div class=\"wpforms-submit-container\"><input type=\"hidden\" name=\"wpforms[id]\" value=\"1275\"><input type=\"hidden\" name=\"wpforms[author]\" value=\"1\"><button type=\"submit\" name=\"wpforms[submit]\" id=\"wpforms-submit-1275\" class=\"wpforms-submit\" data-alt-text=\"Obrada...\" data-submit-text=\"Naru\u010di\" aria-live=\"assertive\" value=\"wpforms-submit\">Naru\u010di<\/button><\/div><\/form><\/div>  <!-- .wpforms-container -->\n<p><span style=\"font-family: Times\\ New\\ Roman, serif;\"><span style=\"font-size: medium;\">Kupac od Narodne knji\u017enice &#8211; Knin naru\u010duje i kupuje sljede\u0107u knjigu:<\/span><\/span><\/p>\n<table width=\"603\" cellspacing=\"0\" cellpadding=\"7\">\n<colgroup>\n<col width=\"99\" \/>\n<col width=\"181\" \/>\n<col width=\"43\" \/>\n<col width=\"56\" \/>\n<col width=\"68\" \/>\n<col width=\"70\" \/> <\/colgroup>\n<tbody>\n<tr valign=\"top\">\n<td style=\"text-align: center;\" width=\"99\"><span style=\"font-family: Times\\ New\\ Roman, serif;\"><span style=\"font-size: medium;\">Autor<\/span><\/span><\/td>\n<td style=\"text-align: center;\" width=\"181\"><span style=\"font-family: Times\\ New\\ Roman, serif;\"><span style=\"font-size: medium;\">Naslov<\/span><\/span><\/td>\n<td style=\"text-align: center;\" width=\"43\"><span style=\"font-family: Times\\ New\\ Roman, serif;\"><span style=\"font-size: medium;\">Jed. mjere<\/span><\/span><\/td>\n<td style=\"text-align: center;\" width=\"56\"><span style=\"font-family: Times\\ New\\ Roman, serif;\"><span style=\"font-size: medium;\">Koli\u010dina<\/span><\/span><\/td>\n<td style=\"text-align: center;\" width=\"68\"><span style=\"font-family: Times\\ New\\ Roman, serif;\"><span style=\"font-size: medium;\">Cijena<\/span><\/span><\/td>\n<td style=\"text-align: center;\" width=\"70\"><span style=\"font-family: Times\\ New\\ Roman, serif;\"><span style=\"font-size: medium;\">Iznos<\/span><\/span><\/td>\n<\/tr>\n<tr valign=\"top\">\n<td style=\"text-align: center;\" width=\"99\"><span style=\"font-family: Times\\ New\\ Roman, serif;\"><span style=\"font-size: medium;\"><span lang=\"en-GB\">Ivica \u0160imi\u0107<\/span><\/span><\/span><\/td>\n<td width=\"181\">\n<p style=\"text-align: center;\" align=\"left\">\u201c<span style=\"font-family: Times\\ New\\ Roman, serif;\"><span style=\"font-size: medium;\"><span lang=\"en-GB\">2025 godina Grada Knina\u201d<\/span><\/span><\/span><\/p>\n<\/td>\n<td style=\"text-align: center;\" width=\"43\"><span style=\"font-family: Times\\ New\\ Roman, serif;\"><span style=\"font-size: medium;\"><span lang=\"en-GB\">kom<\/span><\/span><\/span><\/td>\n<td style=\"text-align: center;\" width=\"56\"><span style=\"font-family: Times\\ New\\ Roman, serif;\"><span style=\"font-size: medium;\">1<\/span><\/span><\/td>\n<td style=\"text-align: center;\" width=\"68\"><span style=\"font-family: Times\\ New\\ Roman, serif;\"><span style=\"font-size: medium;\">250,00 kn<\/span><\/span><\/td>\n<td width=\"70\"><\/td>\n<\/tr>\n<tr valign=\"top\">\n<td width=\"99\"><\/td>\n<td width=\"181\">\n<p style=\"text-align: center;\" align=\"left\"><span style=\"font-family: Times\\ New\\ Roman, serif;\"><span style=\"font-size: medium;\"><span lang=\"en-GB\">Tro\u0161kovi po\u0161tarine doma\u0107i promet 1 knjiga<\/span><\/span><\/span><\/p>\n<\/td>\n<td style=\"text-align: center;\" width=\"43\"><span style=\"font-family: Times\\ New\\ Roman, serif;\"><span style=\"font-size: medium;\"><span lang=\"en-GB\">kom<\/span><\/span><\/span><\/td>\n<td width=\"56\">\n<p align=\"center\"><span style=\"font-family: Times\\ New\\ Roman, serif;\"><span style=\"font-size: medium;\">1<\/span><\/span><\/p>\n<\/td>\n<td style=\"text-align: center;\" width=\"68\"><span style=\"font-family: Times\\ New\\ Roman, serif;\"><span style=\"font-size: medium;\">27,50 kn<\/span><\/span><\/td>\n<td width=\"70\"><\/td>\n<\/tr>\n<tr valign=\"top\">\n<td width=\"99\"><\/td>\n<td width=\"181\">\n<p style=\"text-align: center;\" align=\"left\"><span style=\"font-family: Times\\ New\\ Roman, serif;\"><span style=\"font-size: medium;\"><span lang=\"en-GB\">Tro\u0161kovi po\u0161tarine doma\u0107i promet 2 knjige<\/span><\/span><\/span><\/p>\n<\/td>\n<td style=\"text-align: center;\" width=\"43\"><span style=\"font-family: Times\\ New\\ Roman, serif;\"><span style=\"font-size: medium;\"><span lang=\"en-GB\">kom<\/span><\/span><\/span><\/td>\n<td width=\"56\">\n<p align=\"center\"><span style=\"font-family: Times\\ New\\ Roman, serif;\"><span style=\"font-size: medium;\">1<\/span><\/span><\/p>\n<\/td>\n<td style=\"text-align: center;\" width=\"68\"><span style=\"font-family: Times\\ New\\ Roman, serif;\"><span style=\"font-size: medium;\">35,00 kn<\/span><\/span><\/td>\n<td width=\"70\"><\/td>\n<\/tr>\n<tr valign=\"top\">\n<td width=\"99\"><\/td>\n<td width=\"181\">\n<p style=\"text-align: center;\" align=\"left\"><span style=\"font-family: Times\\ New\\ Roman, serif;\"><span style=\"font-size: medium;\"><span lang=\"en-GB\">Tro\u0161kovi po\u0161tarine doma\u0107i promet 3 knjige<\/span><\/span><\/span><\/p>\n<\/td>\n<td style=\"text-align: center;\" width=\"43\"><span style=\"font-family: Times\\ New\\ Roman, serif;\"><span style=\"font-size: medium;\"><span lang=\"en-GB\">kom<\/span><\/span><\/span><\/td>\n<td width=\"56\">\n<p align=\"center\"><span style=\"font-family: Times\\ New\\ Roman, serif;\"><span style=\"font-size: medium;\">1<\/span><\/span><\/p>\n<\/td>\n<td style=\"text-align: center;\" width=\"68\"><span style=\"font-family: Times\\ New\\ Roman, serif;\"><span style=\"font-size: medium;\">45,50 kn<\/span><\/span><\/td>\n<td width=\"70\"><\/td>\n<\/tr>\n<tr valign=\"top\">\n<td width=\"99\"><\/td>\n<td width=\"181\">\n<p style=\"text-align: center;\" align=\"left\"><span style=\"font-family: Times\\ New\\ Roman, serif;\"><span style=\"font-size: medium;\"><span lang=\"en-GB\">Tro\u0161kovi po\u0161tarine inozemstvo<\/span><\/span><\/span><\/p>\n<\/td>\n<td style=\"text-align: center;\" width=\"43\"><span style=\"font-family: Times\\ New\\ Roman, serif;\"><span style=\"font-size: medium;\"><span lang=\"en-GB\">kom<\/span><\/span><\/span><\/td>\n<td width=\"56\">\n<p align=\"center\"><span style=\"font-family: Times\\ New\\ Roman, serif;\"><span style=\"font-size: medium;\">1<\/span><\/span><\/p>\n<\/td>\n<td style=\"text-align: center;\" width=\"68\"><span style=\"font-family: Times\\ New\\ Roman, serif;\"><span style=\"font-size: medium;\">u prilogu<\/span><\/span><\/td>\n<td width=\"70\"><\/td>\n<\/tr>\n<\/tbody>\n<\/table>\n<p><span style=\"font-family: Times\\ New\\ Roman, serif;\"><span style=\"font-size: medium;\"><b>Cijena po\u0161tarine za pojedine zemlje:<\/b><\/span><\/span><\/p>\n<p><a name=\"_Hlk512504538\"><\/a> <span style=\"font-family: Times\\ New\\ Roman, serif;\"><span style=\"font-size: medium;\">Australija 92 AUD (422 HRK); SAD 54 USD (328 HRK); Kanada 55 CAD (306 HRK); Njema\u010dka 15 EUR (110 HRK) Irska 35 EUR (260 HRK); Srbija 35 EUR (260 HRK); BiH 35 EUR (260 HRK)<\/span><\/span><\/p>\n<p><span style=\"font-family: Times\\ New\\ Roman, serif;\"><span style=\"font-size: medium;\"><b>Cijena knjige za pojedine zemlje:<\/b><\/span><\/span><\/p>\n<p><span style=\"font-family: Times\\ New\\ Roman, serif;\"><span style=\"font-size: medium;\">Australija 55 AUD (250 HRK); SAD 42 USD (250 HRK); Kanada 53 CAD (250 HRK); Njema\u010dka 34 EUR (250 HRK)\u00a0 Irska 34 EUR (250 HRK); Srbija 34 EUR (250 HRK); BiH 34 EUR (250 HRK)<\/span><\/span><\/p>\n","protected":false},"excerpt":{"rendered":"<p>Kupac od Narodne knji\u017enice &#8211; Knin naru\u010duje i kupuje sljede\u0107u knjigu: Autor Naslov Jed. mjere Koli\u010dina Cijena Iznos Ivica \u0160imi\u0107 \u201c2025 godina Grada Knina\u201d kom 1 250,00 kn Tro\u0161kovi po\u0161tarine doma\u0107i promet 1 knjiga kom 1 27,50 kn Tro\u0161kovi po\u0161tarine doma\u0107i promet 2 knjige kom 1 35,00 kn Tro\u0161kovi po\u0161tarine doma\u0107i promet 3 knjige kom [&hellip;]<\/p>\n","protected":false},"author":1,"featured_media":0,"parent":0,"menu_order":0,"comment_status":"closed","ping_status":"closed","template":"","meta":[],"_links":{"self":[{"href":"http:\/\/nkknin.hr\/index.php\/wp-json\/wp\/v2\/pages\/1282"}],"collection":[{"href":"http:\/\/nkknin.hr\/index.php\/wp-json\/wp\/v2\/pages"}],"about":[{"href":"http:\/\/nkknin.hr\/index.php\/wp-json\/wp\/v2\/types\/page"}],"author":[{"embeddable":true,"href":"http:\/\/nkknin.hr\/index.php\/wp-json\/wp\/v2\/users\/1"}],"replies":[{"embeddable":true,"href":"http:\/\/nkknin.hr\/index.php\/wp-json\/wp\/v2\/comments?post=1282"}],"version-history":[{"count":8,"href":"http:\/\/nkknin.hr\/index.php\/wp-json\/wp\/v2\/pages\/1282\/revisions"}],"predecessor-version":[{"id":1294,"href":"http:\/\/nkknin.hr\/index.php\/wp-json\/wp\/v2\/pages\/1282\/revisions\/1294"}],"wp:attachment":[{"href":"http:\/\/nkknin.hr\/index.php\/wp-json\/wp\/v2\/media?parent=1282"}],"curies":[{"name":"wp","href":"https:\/\/api.w.org\/{rel}","templated":true}]}}