{"id":1170,"date":"2017-10-26T09:35:56","date_gmt":"2017-10-26T09:35:56","guid":{"rendered":"http:\/\/nkknin.hr\/?page_id=1170"},"modified":"2026-01-20T14:14:55","modified_gmt":"2026-01-20T14:14:55","slug":"godisnjaci","status":"publish","type":"page","link":"http:\/\/nkknin.hr\/index.php\/godisnjaci\/","title":{"rendered":"DIGITALNA ZBIRKA"},"content":{"rendered":"\n<p><\/p>\n\n\n<p><span style=\"font-size: inherit;\">Godi\u0161njak grada Knina: 2014. godina\u00a0 \u00a0<\/span><a style=\"font-size: inherit;\" href=\"http:\/\/www.nkknin.hr\/godisnjaci\/2014-PDF.pdf\" target=\"_blank\" rel=\"noopener noreferrer\">.pdf <\/a><span style=\"font-size: inherit;\">\/ <\/span><a style=\"font-size: inherit;\" href=\"http:\/\/www.nkknin.hr\/godisnjaci\/2014.epub\" target=\"_blank\" rel=\"noopener noreferrer\">.epub<\/a><\/p>\n<p>Godi\u0161njak grada Knina: 2015. godina\u00a0 \u00a0<a href=\"http:\/\/www.nkknin.hr\/godisnjaci\/2015-PDF.pdf\" target=\"_blank\" rel=\"noopener noreferrer\">.pdf <\/a>\/ <a href=\"http:\/\/www.nkknin.hr\/godisnjaci\/2015.epub\" target=\"_blank\" rel=\"noopener noreferrer\">.epub<\/a><\/p>\n<p>Godi\u0161njak grada Knina: 2016. godina\u00a0\u00a0<a href=\"http:\/\/www.nkknin.hr\/godisnjaci\/2016-PDF.pdf\" target=\"_blank\" rel=\"noopener noreferrer\">\u00a0.pdf<\/a> \/ <a href=\"http:\/\/www.nkknin.hr\/godisnjaci\/2016.epub\" target=\"_blank\" rel=\"noopener noreferrer\">.epub<\/a><\/p>\n<p>Godi\u0161njak grada Knina: 2017. godina\u00a0\u00a0<a href=\"http:\/\/www.nkknin.hr\/godisnjaci\/2017-PDF.pdf\" target=\"_blank\" rel=\"noopener noreferrer\">\u00a0.pdf<\/a>\u00a0\/\u00a0<a href=\"http:\/\/www.nkknin.hr\/godisnjaci\/2017.epub\" target=\"_blank\" rel=\"noopener noreferrer\">.epub<\/a><\/p>\n<p>Godi\u0161njak grada Knina: 2018. godina\u00a0 \u00a0<a href=\"http:\/\/nkknin.hr\/wp-content\/uploads\/2017\/10\/Godisnjak-2018.pdf\" rel=\"\">.pdf<\/a>\u00a0\/\u00a0<a href=\"http:\/\/www.nkknin.hr\/godisnjaci\/2018.epub\" target=\"_blank\" rel=\"noopener noreferrer\">.epub<\/a><\/p>\n<p>Godi\u0161njak grada Knina: 2019. godina\u00a0 \u00a0<a href=\"http:\/\/nkknin.hr\/wp-content\/uploads\/2017\/10\/Godi\u0161njak-grada-Knina-2019.-godina.pdf\" rel=\"\">.pdf<\/a>\u00a0<\/p>\n<p>Godi\u0161njak grada Knina: 2020. godina\u00a0 \u00a0<a href=\"http:\/\/nkknin.hr\/wp-content\/uploads\/2021\/01\/2020_PDF.pdf\">.pdf<\/a>\u00a0<\/p>\n<p>Godi\u0161njak grada Knina: 2021. godina\u00a0 \u00a0<a href=\"http:\/\/nkknin.hr\/wp-content\/uploads\/2022\/01\/Godisnjak-2021.pdf\">.pdf<\/a>\u00a0<\/p>\n<p>Godi\u0161njak grada Knina: 2022. godina\u00a0 <a href=\"http:\/\/nkknin.hr\/wp-content\/uploads\/2023\/01\/Godisnjak-grada-Knina-za-2022.-godinu.pdf\">Godi\u0161njak grada Knina 2022. godina<\/a><\/p>\n<p>Godi\u0161njak grada Knina: 2023. godina\u00a0 <a href=\"http:\/\/nkknin.hr\/wp-content\/uploads\/2024\/01\/Godisnjak-grada-Knina-2023.-godina.pdf\">Godi\u0161njak grada Knina 2023. godina<\/a><\/p>\n<p>Godi\u0161njak grada Knina: 2024. godina <a href=\"http:\/\/nkknin.hr\/wp-content\/uploads\/2025\/01\/Godisnjak-grada-Knina-2024.-godina.pdf\">Godi\u0161njak grada Knina 2024. godina<\/a><\/p>\n<p>Godi\u0161njak grada Knina: 2025. godina\u00a0<a href=\"http:\/\/nkknin.hr\/wp-content\/uploads\/2026\/01\/Godisnjak2025.pdf\">Godisnjak grada Knina 2025. godina<\/a><\/p>\n<p>Meteorolo\u0161ki godi\u0161njak grada Knina 1949. &#8211; 2023. <a href=\"http:\/\/nkknin.hr\/wp-content\/uploads\/2024\/01\/Meteoroloski-godisnjak-grada-Knina-1949-2023.pdf\">Meteorolo\u0161ki godi\u0161njak grada Knina 1949-2023<\/a><\/p>\n<p>Meteorolo\u0161ki godi\u0161njak grada Knina za 2024. godinu <a href=\"http:\/\/nkknin.hr\/wp-content\/uploads\/2025\/01\/Meteoroloski-godisnjak-Grada-Knina-2024.pdf\">Meteoroloski godisnjak Grada Knina 2024<\/a><\/p>\n<p>Meteorolo\u0161ki godi\u0161njak grada Knina za 2025. godinu <a href=\"http:\/\/nkknin.hr\/wp-content\/uploads\/2026\/01\/Meteoroloski-godisnjak-Grada-Knina-2025-1.pdf\">Meteoroloski godisnjak Grada Knina 2025<\/a><\/p>\n<p>Starohrvatska prosvjeta broj 1., Knin, 1895. <a href=\"http:\/\/nkknin.hr\/wp-content\/uploads\/2022\/10\/Starohrvatska-prosvjeta-broj-1_watermark-4.pdf\">Starohrvatska-prosvjeta-broj-1_watermark<\/a><\/p>\n<p>Lovre Monti &#8211; Za\u0161to sam istupio iz Sabora&#8230;, 1882. <a href=\"http:\/\/nkknin.hr\/wp-content\/uploads\/2022\/11\/Lovre-Monti-Zasto-sam-istupio-iz-Sabora_watermark.pdf\">Lovre Monti, 1882. <\/a><\/p>\n<p>Karta mikro regija Hrvatske autora Marka \u0110uranovi\u0107a, 2020. (uz dopu\u0161tenje autora) <a href=\"http:\/\/nkknin.hr\/wp-content\/uploads\/2022\/10\/mikroregije.pdf\">mikroregije<\/a><\/p>\n<p>Knin Zin broj 4., Knin, 2001.\u00a0 <a href=\"http:\/\/nkknin.hr\/wp-content\/uploads\/2022\/10\/KninZin_No4.pdf\">KninZin_No4<\/a><\/p>\n\n\n<p><\/p>\n","protected":false},"excerpt":{"rendered":"<p>Godi\u0161njak grada Knina: 2014. godina\u00a0 \u00a0.pdf \/ .epub Godi\u0161njak grada Knina: 2015. godina\u00a0 \u00a0.pdf \/ .epub Godi\u0161njak grada Knina: 2016. godina\u00a0\u00a0\u00a0.pdf \/ .epub Godi\u0161njak grada Knina: 2017. godina\u00a0\u00a0\u00a0.pdf\u00a0\/\u00a0.epub Godi\u0161njak grada Knina: 2018. godina\u00a0 \u00a0.pdf\u00a0\/\u00a0.epub Godi\u0161njak grada Knina: 2019. godina\u00a0 \u00a0.pdf\u00a0 Godi\u0161njak grada Knina: 2020. godina\u00a0 \u00a0.pdf\u00a0 Godi\u0161njak grada Knina: 2021. godina\u00a0 \u00a0.pdf\u00a0 Godi\u0161njak grada Knina: [&hellip;]<\/p>\n","protected":false},"author":1,"featured_media":0,"parent":0,"menu_order":0,"comment_status":"closed","ping_status":"closed","template":"","meta":[],"_links":{"self":[{"href":"http:\/\/nkknin.hr\/index.php\/wp-json\/wp\/v2\/pages\/1170"}],"collection":[{"href":"http:\/\/nkknin.hr\/index.php\/wp-json\/wp\/v2\/pages"}],"about":[{"href":"http:\/\/nkknin.hr\/index.php\/wp-json\/wp\/v2\/types\/page"}],"author":[{"embeddable":true,"href":"http:\/\/nkknin.hr\/index.php\/wp-json\/wp\/v2\/users\/1"}],"replies":[{"embeddable":true,"href":"http:\/\/nkknin.hr\/index.php\/wp-json\/wp\/v2\/comments?post=1170"}],"version-history":[{"count":80,"href":"http:\/\/nkknin.hr\/index.php\/wp-json\/wp\/v2\/pages\/1170\/revisions"}],"predecessor-version":[{"id":3999,"href":"http:\/\/nkknin.hr\/index.php\/wp-json\/wp\/v2\/pages\/1170\/revisions\/3999"}],"wp:attachment":[{"href":"http:\/\/nkknin.hr\/index.php\/wp-json\/wp\/v2\/media?parent=1170"}],"curies":[{"name":"wp","href":"https:\/\/api.w.org\/{rel}","templated":true}]}}